{"id":55,"date":"2026-03-31T20:52:52","date_gmt":"2026-03-31T20:52:52","guid":{"rendered":"https:\/\/elvial.co\/?post_type=product&#038;p=55"},"modified":"2026-04-04T15:49:11","modified_gmt":"2026-04-04T15:49:11","slug":"ahli-karpos","status":"publish","type":"product","link":"https:\/\/elvial.co\/?product=ahli-karpos","title":{"rendered":"Ahli Karpos"},"content":{"rendered":"","protected":false},"excerpt":{"rendered":"<p class=\"ng-star-inserted\"><span class=\"ng-star-inserted\">Se describe como \u00abIntenso, dulce y seductor. Un aroma \u00e1rabe que conquista desde el primer instante. <\/span><span class=\"ng-star-inserted\">Ahli Karpos es una fragancia oriental dulce con un toque frutal cremoso y un fondo amaderado envolvente. <\/span><span class=\"ng-star-inserted\">Su aroma es moderno, adictivo y perfecto para quienes aman los perfumes \u00e1rabes potentes, elegantes y con una estela memorable.<\/span><\/p>\n<p class=\"ng-star-inserted\"><strong class=\"ng-star-inserted\"><span class=\"ng-star-inserted\">Notas principales:<\/span><\/strong><\/p>\n<ul class=\"ng-star-inserted\">\n<li class=\"ng-star-inserted\">\n<p class=\"ng-star-inserted\"><strong class=\"ng-star-inserted\"><span class=\"ng-star-inserted\">Salida:<\/span><\/strong><span class=\"ng-star-inserted\">\u00a0Frutos rojos dulces, bergamota suave (las primeras notas que se perciben).<\/span><\/p>\n<\/li>\n<li class=\"ng-star-inserted\">\n<p class=\"ng-star-inserted\"><strong class=\"ng-star-inserted\"><span class=\"ng-star-inserted\">Coraz\u00f3n:<\/span><\/strong><span class=\"ng-star-inserted\">\u00a0Flores blancas, rosa ligera, acordes gourmand (las notas que aparecen despu\u00e9s de la salida).<\/span><\/p>\n<\/li>\n<li class=\"ng-star-inserted\">\n<p class=\"ng-star-inserted\"><strong class=\"ng-star-inserted\"><span class=\"ng-star-inserted\">Fondo:<\/span><\/strong><span class=\"ng-star-inserted\">\u00a0Vainilla cremosa, \u00e1mbar c\u00e1lido, maderas orientales (las notas que perduran m\u00e1s tiempo).<\/span><\/p>\n<\/li>\n<\/ul>\n<p class=\"ng-star-inserted\"><strong class=\"ng-star-inserted\"><span class=\"ng-star-inserted\">\u00bfA qu\u00e9 huele?<\/span><\/strong><\/p>\n<ul class=\"ng-star-inserted\">\n<li class=\"ng-star-inserted\">\n<p class=\"ng-star-inserted\"><span class=\"ng-star-inserted\">A un dulce \u00e1rabe moderno: frutal, cremoso y con un fondo c\u00e1lido irresistible.<\/span><\/p>\n<\/li>\n<li class=\"ng-star-inserted\">\n<p class=\"ng-star-inserted\"><span class=\"ng-star-inserted\">Es envolvente, sensual y muy adictivo.<\/span><\/p>\n<\/li>\n<li class=\"ng-star-inserted\">\n<p class=\"ng-star-inserted\"><span class=\"ng-star-inserted\">Ideal para quienes quieren una fragancia \u00e1rabe femenina con presencia y durabilidad.<\/span><\/p>\n<\/li>\n<\/ul>\n<p class=\"ng-star-inserted\"><strong class=\"ng-star-inserted\"><span class=\"ng-star-inserted\">Usos ideales:<\/span><\/strong><\/p>\n<ul class=\"ng-star-inserted\">\n<li class=\"ng-star-inserted\">\n<p class=\"ng-star-inserted\"><span class=\"ng-star-inserted\">Noches y citas especiales.<\/span><\/p>\n<\/li>\n<li class=\"ng-star-inserted\">\n<p class=\"ng-star-inserted\"><span class=\"ng-star-inserted\">Climas templados o fr\u00edos.<\/span><\/p>\n<\/li>\n<li class=\"ng-star-inserted\">\n<p class=\"ng-star-inserted\"><span class=\"ng-star-inserted\">Perfecto para mujeres que aman fragancias dulces con toque oriental.<\/span><\/p>\n<\/li>\n<li class=\"ng-star-inserted\">\n<p class=\"ng-star-inserted\"><span class=\"ng-star-inserted\">Excelente como perfume de presencia y seducci\u00f3n.<\/span><\/p>\n<\/li>\n<\/ul>\n","protected":false},"featured_media":56,"comment_status":"open","ping_status":"closed","template":"","meta":{"rs_blank_template":"","rs_page_bg_color":"","slide_template_v7":"","_joinchat":[]},"product_brand":[],"product_cat":[28,17,29,20],"product_tag":[],"class_list":{"0":"post-55","1":"product","2":"type-product","3":"status-publish","4":"has-post-thumbnail","6":"product_cat-amaderado","7":"product_cat-fragancias-masculinas","8":"product_cat-intenso","9":"product_cat-unisex","11":"first","12":"instock","13":"shipping-taxable","14":"purchasable","15":"product-type-simple","16":"wpzoom-wc-spi-has-enabled"},"_links":{"self":[{"href":"https:\/\/elvial.co\/index.php?rest_route=\/wp\/v2\/product\/55","targetHints":{"allow":["GET"]}}],"collection":[{"href":"https:\/\/elvial.co\/index.php?rest_route=\/wp\/v2\/product"}],"about":[{"href":"https:\/\/elvial.co\/index.php?rest_route=\/wp\/v2\/types\/product"}],"replies":[{"embeddable":true,"href":"https:\/\/elvial.co\/index.php?rest_route=%2Fwp%2Fv2%2Fcomments&post=55"}],"wp:featuredmedia":[{"embeddable":true,"href":"https:\/\/elvial.co\/index.php?rest_route=\/wp\/v2\/media\/56"}],"wp:attachment":[{"href":"https:\/\/elvial.co\/index.php?rest_route=%2Fwp%2Fv2%2Fmedia&parent=55"}],"wp:term":[{"taxonomy":"product_brand","embeddable":true,"href":"https:\/\/elvial.co\/index.php?rest_route=%2Fwp%2Fv2%2Fproduct_brand&post=55"},{"taxonomy":"product_cat","embeddable":true,"href":"https:\/\/elvial.co\/index.php?rest_route=%2Fwp%2Fv2%2Fproduct_cat&post=55"},{"taxonomy":"product_tag","embeddable":true,"href":"https:\/\/elvial.co\/index.php?rest_route=%2Fwp%2Fv2%2Fproduct_tag&post=55"}],"curies":[{"name":"wp","href":"https:\/\/api.w.org\/{rel}","templated":true}]}}