{"id":52,"date":"2026-03-31T20:47:07","date_gmt":"2026-03-31T20:47:07","guid":{"rendered":"https:\/\/elvial.co\/?post_type=product&#038;p=52"},"modified":"2026-04-04T15:50:17","modified_gmt":"2026-04-04T15:50:17","slug":"amber-oud-agua-dubai","status":"publish","type":"product","link":"https:\/\/elvial.co\/?product=amber-oud-agua-dubai","title":{"rendered":"Amber Oud Agua Dubai"},"content":{"rendered":"","protected":false},"excerpt":{"rendered":"<p class=\"ng-star-inserted\"><span class=\"ng-star-inserted\">Se describe como \u00abLujo oriental y elegancia port\u00e1til en un solo combo. <\/span><span class=\"ng-star-inserted\">Este set combina la intensidad irresistible de Amber Oud Agua Dubai con un perfumero elegante y recargable. <\/span><span class=\"ng-star-inserted\">Es un d\u00fao perfecto para quienes aman proyectar presencia, sofisticaci\u00f3n y un toque \u00e1rabe moderno.<\/span><\/p>\n<p class=\"ng-star-inserted\"><strong class=\"ng-star-inserted\"><span class=\"ng-star-inserted\">Notas principales:<\/span><\/strong><\/p>\n<ul class=\"ng-star-inserted\">\n<li class=\"ng-star-inserted\">\n<p class=\"ng-star-inserted\"><strong class=\"ng-star-inserted\"><span class=\"ng-star-inserted\">Salida:<\/span><\/strong><span class=\"ng-star-inserted\">\u00a0Especias c\u00e1lidas, bergamota, notas resinosas (las primeras notas que se perciben).<\/span><\/p>\n<\/li>\n<li class=\"ng-star-inserted\">\n<p class=\"ng-star-inserted\"><strong class=\"ng-star-inserted\"><span class=\"ng-star-inserted\">Coraz\u00f3n:<\/span><\/strong><span class=\"ng-star-inserted\">\u00a0Oud elegante, \u00e1mbar dorado, maderas dulces (las notas que aparecen despu\u00e9s de la salida).<\/span><\/p>\n<\/li>\n<li class=\"ng-star-inserted\">\n<p class=\"ng-star-inserted\"><strong class=\"ng-star-inserted\"><span class=\"ng-star-inserted\">Fondo:<\/span><\/strong><span class=\"ng-star-inserted\">\u00a0Vainilla c\u00e1lida, musk, maderas orientales (las notas que perduran m\u00e1s tiempo).<\/span><\/p>\n<\/li>\n<\/ul>\n<p class=\"ng-star-inserted\"><strong class=\"ng-star-inserted\"><span class=\"ng-star-inserted\">\u00bfA qu\u00e9 huele?<\/span><\/strong><\/p>\n<ul class=\"ng-star-inserted\">\n<li class=\"ng-star-inserted\">\n<p class=\"ng-star-inserted\"><span class=\"ng-star-inserted\">A un aroma dulce, especiado y profundamente elegante.<\/span><\/p>\n<\/li>\n<li class=\"ng-star-inserted\">\n<p class=\"ng-star-inserted\"><span class=\"ng-star-inserted\">El oud aporta fuerza y misterio.<\/span><\/p>\n<\/li>\n<li class=\"ng-star-inserted\">\n<p class=\"ng-star-inserted\"><span class=\"ng-star-inserted\">La vainilla y el \u00e1mbar suavizan con un toque seductor.<\/span><\/p>\n<\/li>\n<li class=\"ng-star-inserted\">\n<p class=\"ng-star-inserted\"><span class=\"ng-star-inserted\">Es un perfume con gran presencia, perfecto para quienes aman dejar estela y personalidad.<\/span><\/p>\n<\/li>\n<\/ul>\n<p class=\"ng-star-inserted\"><strong class=\"ng-star-inserted\"><span class=\"ng-star-inserted\">Usos ideales:<\/span><\/strong><\/p>\n<ul class=\"ng-star-inserted\">\n<li class=\"ng-star-inserted\">\n<p class=\"ng-star-inserted\"><span class=\"ng-star-inserted\">Noches especiales y eventos.<\/span><\/p>\n<\/li>\n<li class=\"ng-star-inserted\">\n<p class=\"ng-star-inserted\"><span class=\"ng-star-inserted\">Climas templados o fr\u00edos.<\/span><\/p>\n<\/li>\n<li class=\"ng-star-inserted\">\n<p class=\"ng-star-inserted\"><span class=\"ng-star-inserted\">Ideal para hombres y mujeres que buscan un perfume \u00e1rabe potente.<\/span><\/p>\n<\/li>\n<li class=\"ng-star-inserted\">\n<p class=\"ng-star-inserted\"><span class=\"ng-star-inserted\">Excelente para ocasiones donde quieras oler lujoso, intenso y memorable.<\/span><\/p>\n<\/li>\n<\/ul>\n","protected":false},"featured_media":54,"comment_status":"open","ping_status":"closed","template":"","meta":{"rs_blank_template":"","rs_page_bg_color":"","slide_template_v7":"","_joinchat":[]},"product_brand":[],"product_cat":[17,27],"product_tag":[],"class_list":{"0":"post-52","1":"product","2":"type-product","3":"status-publish","4":"has-post-thumbnail","6":"product_cat-fragancias-masculinas","7":"product_cat-fresco","9":"first","10":"instock","11":"shipping-taxable","12":"purchasable","13":"product-type-simple","14":"wpzoom-wc-spi-has-enabled"},"_links":{"self":[{"href":"https:\/\/elvial.co\/index.php?rest_route=\/wp\/v2\/product\/52","targetHints":{"allow":["GET"]}}],"collection":[{"href":"https:\/\/elvial.co\/index.php?rest_route=\/wp\/v2\/product"}],"about":[{"href":"https:\/\/elvial.co\/index.php?rest_route=\/wp\/v2\/types\/product"}],"replies":[{"embeddable":true,"href":"https:\/\/elvial.co\/index.php?rest_route=%2Fwp%2Fv2%2Fcomments&post=52"}],"wp:featuredmedia":[{"embeddable":true,"href":"https:\/\/elvial.co\/index.php?rest_route=\/wp\/v2\/media\/54"}],"wp:attachment":[{"href":"https:\/\/elvial.co\/index.php?rest_route=%2Fwp%2Fv2%2Fmedia&parent=52"}],"wp:term":[{"taxonomy":"product_brand","embeddable":true,"href":"https:\/\/elvial.co\/index.php?rest_route=%2Fwp%2Fv2%2Fproduct_brand&post=52"},{"taxonomy":"product_cat","embeddable":true,"href":"https:\/\/elvial.co\/index.php?rest_route=%2Fwp%2Fv2%2Fproduct_cat&post=52"},{"taxonomy":"product_tag","embeddable":true,"href":"https:\/\/elvial.co\/index.php?rest_route=%2Fwp%2Fv2%2Fproduct_tag&post=52"}],"curies":[{"name":"wp","href":"https:\/\/api.w.org\/{rel}","templated":true}]}}