{"id":45,"date":"2026-03-31T19:24:35","date_gmt":"2026-03-31T19:24:35","guid":{"rendered":"https:\/\/elvial.co\/?post_type=product&#038;p=45"},"modified":"2026-04-04T15:54:12","modified_gmt":"2026-04-04T15:54:12","slug":"valentino-born-in-roma-donna-crema-corporal","status":"publish","type":"product","link":"https:\/\/elvial.co\/?product=valentino-born-in-roma-donna-crema-corporal","title":{"rendered":"Valentino born in Roma Donna + Crema Corporal"},"content":{"rendered":"","protected":false},"excerpt":{"rendered":"<p class=\"ng-star-inserted\"><span class=\"ng-star-inserted\">Es una fragancia femenina, sofisticada y adictiva. <\/span><span class=\"ng-star-inserted\">Mezcla delicadeza floral con un toque dulce y sensual. <\/span><span class=\"ng-star-inserted\">Es ideal para mujeres que buscan combinar clase, fuerza y un estilo contempor\u00e1neo.<\/span><\/p>\n<p class=\"ng-star-inserted\"><strong class=\"ng-star-inserted\"><span class=\"ng-star-inserted\">Notas principales:<\/span><\/strong><\/p>\n<ul class=\"ng-star-inserted\">\n<li class=\"ng-star-inserted\">\n<p class=\"ng-star-inserted\"><strong class=\"ng-star-inserted\"><span class=\"ng-star-inserted\">Salida:<\/span><\/strong><span class=\"ng-star-inserted\">\u00a0Grosella negra, bergamota rosada (estas son las primeras notas que se perciben).<\/span><\/p>\n<\/li>\n<li class=\"ng-star-inserted\">\n<p class=\"ng-star-inserted\"><strong class=\"ng-star-inserted\"><span class=\"ng-star-inserted\">Coraz\u00f3n:<\/span><\/strong><span class=\"ng-star-inserted\">\u00a0Jazm\u00edn, t\u00e9 de jazm\u00edn (estas notas aparecen despu\u00e9s de la salida).<\/span><\/p>\n<\/li>\n<li class=\"ng-star-inserted\">\n<p class=\"ng-star-inserted\"><strong class=\"ng-star-inserted\"><span class=\"ng-star-inserted\">Fondo:<\/span><\/strong><span class=\"ng-star-inserted\">\u00a0Vainilla bourbon, maderas c\u00e1lidas (estas son las notas que perduran m\u00e1s tiempo).<\/span><\/p>\n<\/li>\n<\/ul>\n<p class=\"ng-star-inserted\"><strong class=\"ng-star-inserted\"><span class=\"ng-star-inserted\">\u00bfA qu\u00e9 huele?<\/span><\/strong><\/p>\n<ul class=\"ng-star-inserted\">\n<li class=\"ng-star-inserted\">\n<p class=\"ng-star-inserted\"><span class=\"ng-star-inserted\">A un floral dulce moderno con un toque atrevido.<\/span><\/p>\n<\/li>\n<li class=\"ng-star-inserted\">\n<p class=\"ng-star-inserted\"><span class=\"ng-star-inserted\">La base de vainilla c\u00e1lida lo hace sensual y envolvente.<\/span><\/p>\n<\/li>\n<li class=\"ng-star-inserted\">\n<p class=\"ng-star-inserted\"><span class=\"ng-star-inserted\">El jazm\u00edn aporta elegancia pura.<\/span><\/p>\n<\/li>\n<li class=\"ng-star-inserted\">\n<p class=\"ng-star-inserted\"><span class=\"ng-star-inserted\">Es un aroma ic\u00f3nico, femenino y lleno de personalidad.<\/span><\/p>\n<\/li>\n<\/ul>\n<p class=\"ng-star-inserted\"><strong class=\"ng-star-inserted\"><span class=\"ng-star-inserted\">Usos ideales:<\/span><\/strong><\/p>\n<ul class=\"ng-star-inserted\">\n<li class=\"ng-star-inserted\">\n<p class=\"ng-star-inserted\"><span class=\"ng-star-inserted\">Perfecto para citas y noches especiales.<\/span><\/p>\n<\/li>\n<li class=\"ng-star-inserted\">\n<p class=\"ng-star-inserted\"><span class=\"ng-star-inserted\">Ideal para clima templado o fr\u00edo.<\/span><\/p>\n<\/li>\n<li class=\"ng-star-inserted\">\n<p class=\"ng-star-inserted\"><span class=\"ng-star-inserted\">Para mujeres que buscan un aroma dulce, elegante y memorable.<\/span><\/p>\n<\/li>\n<li class=\"ng-star-inserted\">\n<p class=\"ng-star-inserted\"><span class=\"ng-star-inserted\">Funciona incre\u00edble como perfume \u00abfirma\u00bb (es decir, un aroma distintivo y personal)<\/span><\/p>\n<\/li>\n<\/ul>\n","protected":false},"featured_media":46,"comment_status":"open","ping_status":"closed","template":"","meta":{"rs_blank_template":"","rs_page_bg_color":"","slide_template_v7":"","_joinchat":[]},"product_brand":[],"product_cat":[19,24,22],"product_tag":[],"class_list":{"0":"post-45","1":"product","2":"type-product","3":"status-publish","4":"has-post-thumbnail","6":"product_cat-combos","7":"product_cat-dulces","8":"product_cat-mas-vendidos","10":"first","11":"instock","12":"shipping-taxable","13":"purchasable","14":"product-type-simple","15":"wpzoom-wc-spi-has-enabled"},"_links":{"self":[{"href":"https:\/\/elvial.co\/index.php?rest_route=\/wp\/v2\/product\/45","targetHints":{"allow":["GET"]}}],"collection":[{"href":"https:\/\/elvial.co\/index.php?rest_route=\/wp\/v2\/product"}],"about":[{"href":"https:\/\/elvial.co\/index.php?rest_route=\/wp\/v2\/types\/product"}],"replies":[{"embeddable":true,"href":"https:\/\/elvial.co\/index.php?rest_route=%2Fwp%2Fv2%2Fcomments&post=45"}],"wp:featuredmedia":[{"embeddable":true,"href":"https:\/\/elvial.co\/index.php?rest_route=\/wp\/v2\/media\/46"}],"wp:attachment":[{"href":"https:\/\/elvial.co\/index.php?rest_route=%2Fwp%2Fv2%2Fmedia&parent=45"}],"wp:term":[{"taxonomy":"product_brand","embeddable":true,"href":"https:\/\/elvial.co\/index.php?rest_route=%2Fwp%2Fv2%2Fproduct_brand&post=45"},{"taxonomy":"product_cat","embeddable":true,"href":"https:\/\/elvial.co\/index.php?rest_route=%2Fwp%2Fv2%2Fproduct_cat&post=45"},{"taxonomy":"product_tag","embeddable":true,"href":"https:\/\/elvial.co\/index.php?rest_route=%2Fwp%2Fv2%2Fproduct_tag&post=45"}],"curies":[{"name":"wp","href":"https:\/\/api.w.org\/{rel}","templated":true}]}}