{"id":342,"date":"2026-04-04T17:02:51","date_gmt":"2026-04-04T17:02:51","guid":{"rendered":"https:\/\/elvial.co\/?page_id=342"},"modified":"2026-04-04T17:08:36","modified_gmt":"2026-04-04T17:08:36","slug":"politicas-de-devolucion","status":"publish","type":"page","link":"https:\/\/elvial.co\/?page_id=342","title":{"rendered":"Pol\u00edticas de devoluci\u00f3n"},"content":{"rendered":"\t\t<div data-elementor-type=\"wp-page\" data-elementor-id=\"342\" class=\"elementor elementor-342\">\n\t\t\t\t<div class=\"elementor-element elementor-element-ba9c28d e-flex e-con-boxed e-con e-parent\" data-id=\"ba9c28d\" data-element_type=\"container\" data-e-type=\"container\">\n\t\t\t\t\t<div class=\"e-con-inner\">\n\t\t\t\t<div class=\"elementor-element elementor-element-02a8c09 elementor-widget elementor-widget-heading\" data-id=\"02a8c09\" data-element_type=\"widget\" data-e-type=\"widget\" data-widget_type=\"heading.default\">\n\t\t\t\t\t<h2 class=\"elementor-heading-title elementor-size-default\">Condiciones de Devoluci\u00f3n\n<\/h2>\t\t\t\t<\/div>\n\t\t\t\t<div class=\"elementor-element elementor-element-2cb6b71 elementor-widget elementor-widget-heading\" data-id=\"2cb6b71\" data-element_type=\"widget\" data-e-type=\"widget\" data-widget_type=\"heading.default\">\n\t\t\t\t\t<h2 class=\"elementor-heading-title elementor-size-default\">No realizamos devoluciones por insatisfacci\u00f3n personal o cambios de opini\u00f3n del cliente.\n-La devoluci\u00f3n solo aplica cuando el producto fue entregado defectuoso o no corresponde al art\u00edculo\nsolicitado.\nEl cliente debe proporcionar evidencias claras del inconveniente (fotograf\u00edas o videos del producto y\ndel empaque).<\/h2>\t\t\t\t<\/div>\n\t\t\t\t<div class=\"elementor-element elementor-element-71e21c5 elementor-widget elementor-widget-heading\" data-id=\"71e21c5\" data-element_type=\"widget\" data-e-type=\"widget\" data-widget_type=\"heading.default\">\n\t\t\t\t\t<h2 class=\"elementor-heading-title elementor-size-default\">Proceso de Devoluci\u00f3n\n<\/h2>\t\t\t\t<\/div>\n\t\t\t\t<div class=\"elementor-element elementor-element-68b05a1 elementor-widget elementor-widget-heading\" data-id=\"68b05a1\" data-element_type=\"widget\" data-e-type=\"widget\" data-widget_type=\"heading.default\">\n\t\t\t\t\t<h2 class=\"elementor-heading-title elementor-size-default\">Para iniciar una solicitud de devoluci\u00f3n, comun\u00edcate con nosotros a trav\u00e9s de nuestra l\u00ednea oficial de\natenci\u00f3n al cliente. Te guiaremos en cada paso y te informaremos los requisitos y tiempos de\nrespuesta.<\/h2>\t\t\t\t<\/div>\n\t\t\t\t<div class=\"elementor-element elementor-element-6839119 elementor-widget elementor-widget-heading\" data-id=\"6839119\" data-element_type=\"widget\" data-e-type=\"widget\" data-widget_type=\"heading.default\">\n\t\t\t\t\t<h2 class=\"elementor-heading-title elementor-size-default\">En caso de que el producto presente da\u00f1os ocasionados durante la manipulaci\u00f3n de la transportadora\nasumiremos el 50% del costo total del reenv\u00edo.\nTen presente que este tipo de incidentes corresponde a circunstancias externas y ajenas a nuestro\ncontrol; sin embargo, buscamos ofrecer una soluci\u00f3n justa para nuestros clientes<\/h2>\t\t\t\t<\/div>\n\t\t\t\t\t<\/div>\n\t\t\t\t<\/div>\n\t\t\t\t<\/div>\n\t\t","protected":false},"excerpt":{"rendered":"<p>Condiciones de Devoluci\u00f3n No realizamos devoluciones por insatisfacci\u00f3n personal o cambios de opini\u00f3n del cliente. -La devoluci\u00f3n solo aplica cuando&#8230;<\/p>\n","protected":false},"author":2,"featured_media":0,"parent":0,"menu_order":0,"comment_status":"closed","ping_status":"closed","template":"elementor_header_footer","meta":{"rs_blank_template":"","rs_page_bg_color":"","slide_template_v7":"","_joinchat":[],"footnotes":""},"class_list":["post-342","page","type-page","status-publish","hentry"],"_links":{"self":[{"href":"https:\/\/elvial.co\/index.php?rest_route=\/wp\/v2\/pages\/342","targetHints":{"allow":["GET"]}}],"collection":[{"href":"https:\/\/elvial.co\/index.php?rest_route=\/wp\/v2\/pages"}],"about":[{"href":"https:\/\/elvial.co\/index.php?rest_route=\/wp\/v2\/types\/page"}],"author":[{"embeddable":true,"href":"https:\/\/elvial.co\/index.php?rest_route=\/wp\/v2\/users\/2"}],"replies":[{"embeddable":true,"href":"https:\/\/elvial.co\/index.php?rest_route=%2Fwp%2Fv2%2Fcomments&post=342"}],"version-history":[{"count":5,"href":"https:\/\/elvial.co\/index.php?rest_route=\/wp\/v2\/pages\/342\/revisions"}],"predecessor-version":[{"id":356,"href":"https:\/\/elvial.co\/index.php?rest_route=\/wp\/v2\/pages\/342\/revisions\/356"}],"wp:attachment":[{"href":"https:\/\/elvial.co\/index.php?rest_route=%2Fwp%2Fv2%2Fmedia&parent=342"}],"curies":[{"name":"wp","href":"https:\/\/api.w.org\/{rel}","templated":true}]}}